{"id":7364,"date":"2026-03-13T15:09:25","date_gmt":"2026-03-13T15:09:25","guid":{"rendered":"https:\/\/centerwiper.com\/?post_type=product&#038;p=7364"},"modified":"2026-03-17T19:26:10","modified_gmt":"2026-03-17T19:26:10","slug":"plumillas-delanteras-duster-2012-2016-bosch-classic-2-2","status":"publish","type":"product","link":"https:\/\/centerwiper.com\/?product=plumillas-delanteras-duster-2012-2016-bosch-classic-2-2","title":{"rendered":"PLUMILLAS DELANTERAS CLIO 2 \/ BOSCH AEROFIT"},"content":{"rendered":"<p><strong>CARACTER\u00cdSTICAS<\/strong><\/p>\n<ul>\n<li>Medidas de 24 piloto 20 copiloto<\/li>\n<li>Dise\u00f1o estructura met\u00e1lica<\/li>\n<li>Elaborada en caucho natural<\/li>\n<li>Anclaje de gancho<\/li>\n<\/ul>\n","protected":false},"excerpt":{"rendered":"<p>Son escobillas limpiaparabrisas con soporte met\u00e1lico cl\u00e1sico (no son de dise\u00f1o \u201cflat\u201d o aerodin\u00e1mico plano).<br \/>\nBosch<br \/>\nEst\u00e1n hechas con goma natural recubierta de grafito, lo que ayuda a limpiar el parabrisas de manera suave pero efectiva, con menos ruido y buen deslizamiento.<br \/>\nBosch<br \/>\nEl soporte met\u00e1lico protege contra la corrosi\u00f3n y da robustez a la plumilla.<\/p>\n","protected":false},"featured_media":7365,"template":"","meta":[],"product_brand":[],"product_cat":[93],"product_tag":[],"class_list":{"0":"post-7364","1":"product","2":"type-product","3":"status-publish","4":"has-post-thumbnail","6":"product_cat-renault2","8":"first","9":"instock","10":"shipping-taxable","11":"purchasable","12":"product-type-simple"},"_links":{"self":[{"href":"https:\/\/centerwiper.com\/index.php?rest_route=\/wp\/v2\/product\/7364","targetHints":{"allow":["GET"]}}],"collection":[{"href":"https:\/\/centerwiper.com\/index.php?rest_route=\/wp\/v2\/product"}],"about":[{"href":"https:\/\/centerwiper.com\/index.php?rest_route=\/wp\/v2\/types\/product"}],"wp:featuredmedia":[{"embeddable":true,"href":"https:\/\/centerwiper.com\/index.php?rest_route=\/wp\/v2\/media\/7365"}],"wp:attachment":[{"href":"https:\/\/centerwiper.com\/index.php?rest_route=%2Fwp%2Fv2%2Fmedia&parent=7364"}],"wp:term":[{"taxonomy":"product_brand","embeddable":true,"href":"https:\/\/centerwiper.com\/index.php?rest_route=%2Fwp%2Fv2%2Fproduct_brand&post=7364"},{"taxonomy":"product_cat","embeddable":true,"href":"https:\/\/centerwiper.com\/index.php?rest_route=%2Fwp%2Fv2%2Fproduct_cat&post=7364"},{"taxonomy":"product_tag","embeddable":true,"href":"https:\/\/centerwiper.com\/index.php?rest_route=%2Fwp%2Fv2%2Fproduct_tag&post=7364"}],"curies":[{"name":"wp","href":"https:\/\/api.w.org\/{rel}","templated":true}]}}