{"id":7328,"date":"2026-03-13T02:13:17","date_gmt":"2026-03-13T02:13:17","guid":{"rendered":"https:\/\/centerwiper.com\/?post_type=product&#038;p=7328"},"modified":"2026-03-17T19:26:29","modified_gmt":"2026-03-17T19:26:29","slug":"plumillas-delanteras-renault-19-bosch-clasic-eco-3","status":"publish","type":"product","link":"https:\/\/centerwiper.com\/?product=plumillas-delanteras-renault-19-bosch-clasic-eco-3","title":{"rendered":"PLUMILLAS DELANTERAS RENAULT 19 \/ BOSCH AEROFIT"},"content":{"rendered":"<p>CARACTER\u00cdSTICAS<br \/>\nMedidas de 20 piloto 20 copiloto<br \/>\nDise\u00f1o estructura met\u00e1lica<br \/>\nElaborada en caucho natural<br \/>\nAnclaje de gancho<\/p>\n","protected":false},"excerpt":{"rendered":"<p>Son escobillas limpiaparabrisas con soporte met\u00e1lico cl\u00e1sico (no son de dise\u00f1o \u201cflat\u201d o aerodin\u00e1mico plano).<br \/>\nBosch<br \/>\nEst\u00e1n hechas con goma natural recubierta de grafito, lo que ayuda a limpiar el parabrisas de manera suave pero efectiva, con menos ruido y buen deslizamiento.<br \/>\nBosch<br \/>\nEl soporte met\u00e1lico protege contra la corrosi\u00f3n y da robustez a la plumilla.<\/p>\n","protected":false},"featured_media":7329,"template":"","meta":[],"product_brand":[],"product_cat":[93],"product_tag":[121],"class_list":{"0":"post-7328","1":"product","2":"type-product","3":"status-publish","4":"has-post-thumbnail","6":"product_cat-renault2","7":"product_tag-renault-19","9":"first","10":"instock","11":"shipping-taxable","12":"purchasable","13":"product-type-simple"},"_links":{"self":[{"href":"https:\/\/centerwiper.com\/index.php?rest_route=\/wp\/v2\/product\/7328","targetHints":{"allow":["GET"]}}],"collection":[{"href":"https:\/\/centerwiper.com\/index.php?rest_route=\/wp\/v2\/product"}],"about":[{"href":"https:\/\/centerwiper.com\/index.php?rest_route=\/wp\/v2\/types\/product"}],"wp:featuredmedia":[{"embeddable":true,"href":"https:\/\/centerwiper.com\/index.php?rest_route=\/wp\/v2\/media\/7329"}],"wp:attachment":[{"href":"https:\/\/centerwiper.com\/index.php?rest_route=%2Fwp%2Fv2%2Fmedia&parent=7328"}],"wp:term":[{"taxonomy":"product_brand","embeddable":true,"href":"https:\/\/centerwiper.com\/index.php?rest_route=%2Fwp%2Fv2%2Fproduct_brand&post=7328"},{"taxonomy":"product_cat","embeddable":true,"href":"https:\/\/centerwiper.com\/index.php?rest_route=%2Fwp%2Fv2%2Fproduct_cat&post=7328"},{"taxonomy":"product_tag","embeddable":true,"href":"https:\/\/centerwiper.com\/index.php?rest_route=%2Fwp%2Fv2%2Fproduct_tag&post=7328"}],"curies":[{"name":"wp","href":"https:\/\/api.w.org\/{rel}","templated":true}]}}