{"id":5228,"date":"2025-09-12T17:43:23","date_gmt":"2025-09-12T17:43:23","guid":{"rendered":"https:\/\/centerwiper.com\/?post_type=product&#038;p=5228"},"modified":"2026-03-17T19:26:47","modified_gmt":"2026-03-17T19:26:47","slug":"5228plumillas-delanteras-chevrolet-alto-bosch-aerofit-modelo-99-041775078000","status":"publish","type":"product","link":"https:\/\/centerwiper.com\/?product=5228plumillas-delanteras-chevrolet-alto-bosch-aerofit-modelo-99-041775078000","title":{"rendered":"PLUMILLAS DELANTERAS  CHEVROLET ALTO BOSCH AEROFIT   MODELO"},"content":{"rendered":"<div class=\"M-Text-StagedTypography__item -secondary\">\n<div class=\"A-Text-TextContentIcon\">\n<div class=\"A-Text-TextContentIcon__text\">\n<h3 class=\"A-Text-TextContentIcon__headline\">CARACTERISTICAS<\/h3>\n<ul>\n<li>MEDIDAS DE\u00a0 \u00a018 PILOTO\u00a0 \u00a018 COPILOTO<\/li>\n<li>DISE\u00d1O AERODINAMICO<\/li>\n<li>ALMA EN ACERO<\/li>\n<li>ANCLAJE DE GANCHO<\/li>\n<\/ul>\n<\/div>\n<\/div>\n<\/div>\n","protected":false},"excerpt":{"rendered":"<p>Las escobilla limpiaparabrisas planas Aerofit de Bosch ofrecen un rendimiento excepcional a un precio excelente. El dise\u00f1o estilizado y aerodin\u00e1mico, aunado a los rieles de resorte de alta tecnolog\u00eda y las plumas limpiaparabrisas de goma con revestimiento suave, garantiza una visibilidad.<\/p>\n","protected":false},"featured_media":6834,"template":"","meta":[],"product_brand":[355],"product_cat":[86],"product_tag":[116],"class_list":{"0":"post-5228","1":"product","2":"type-product","3":"status-publish","4":"has-post-thumbnail","6":"product_brand-bosch-aerofit","7":"product_cat-chevrolet","8":"product_tag-alto","10":"first","11":"instock","12":"shipping-taxable","13":"purchasable","14":"product-type-simple"},"_links":{"self":[{"href":"https:\/\/centerwiper.com\/index.php?rest_route=\/wp\/v2\/product\/5228","targetHints":{"allow":["GET"]}}],"collection":[{"href":"https:\/\/centerwiper.com\/index.php?rest_route=\/wp\/v2\/product"}],"about":[{"href":"https:\/\/centerwiper.com\/index.php?rest_route=\/wp\/v2\/types\/product"}],"wp:featuredmedia":[{"embeddable":true,"href":"https:\/\/centerwiper.com\/index.php?rest_route=\/wp\/v2\/media\/6834"}],"wp:attachment":[{"href":"https:\/\/centerwiper.com\/index.php?rest_route=%2Fwp%2Fv2%2Fmedia&parent=5228"}],"wp:term":[{"taxonomy":"product_brand","embeddable":true,"href":"https:\/\/centerwiper.com\/index.php?rest_route=%2Fwp%2Fv2%2Fproduct_brand&post=5228"},{"taxonomy":"product_cat","embeddable":true,"href":"https:\/\/centerwiper.com\/index.php?rest_route=%2Fwp%2Fv2%2Fproduct_cat&post=5228"},{"taxonomy":"product_tag","embeddable":true,"href":"https:\/\/centerwiper.com\/index.php?rest_route=%2Fwp%2Fv2%2Fproduct_tag&post=5228"}],"curies":[{"name":"wp","href":"https:\/\/api.w.org\/{rel}","templated":true}]}}