{"id":5184,"date":"2025-09-11T21:35:46","date_gmt":"2025-09-11T21:35:46","guid":{"rendered":"https:\/\/centerwiper.com\/?post_type=product&#038;p=5184"},"modified":"2026-03-17T19:26:47","modified_gmt":"2026-03-17T19:26:47","slug":"5184s16plumilla-bosch-eco-161775028000","status":"publish","type":"product","link":"https:\/\/centerwiper.com\/?product=5184s16plumilla-bosch-eco-161775028000","title":{"rendered":"5184;S16;&#8221;PLUMILLA BOSCH ECO 16&#8243;&#8221;&#8221;;1;7;7;50;28000"},"content":{"rendered":"<div class=\"M-Text-StagedTypography__item -secondary\">\n<div class=\"A-Text-TextContentIcon\">\n<div class=\"A-Text-TextContentIcon__text\">\n<h3 class=\"A-Text-TextContentIcon__headline\">Mayor visibilidad y mejor desempe\u00f1o de limpieza<\/h3>\n<\/div>\n<\/div>\n<\/div>\n<div class=\"M-Text-StagedTypography__item -secondary\">\n<div class=\"A-Text-TextContentIcon\">\n<p>&nbsp;<\/p>\n<div class=\"A-Text-TextContentIcon__text\">\n<h3 class=\"A-Text-TextContentIcon__headline\">Instalaci\u00f3n r\u00e1pida y sencilla<\/h3>\n<\/div>\n<\/div>\n<\/div>\n<div class=\"M-Text-StagedTypography__item -secondary\">\n<div class=\"A-Text-TextContentIcon\">\n<p>&nbsp;<\/p>\n<div class=\"A-Text-TextContentIcon__text\">\n<h3 class=\"A-Text-TextContentIcon__headline\">Dise\u00f1o excepcional para una mayor durabilidad<\/h3>\n<\/div>\n<\/div>\n<\/div>\n<div class=\"M-Text-StagedTypography__item -secondary\">\n<div class=\"A-Text-TextContentIcon\">\n<p>&nbsp;<\/p>\n<div class=\"A-Text-TextContentIcon__text\">\n<h3 class=\"A-Text-TextContentIcon__headline\">Rieles de resorte de alta tecnolog\u00eda y goma con revestimiento suave para una visibilidad clara; sin importar las condiciones atmosf\u00e9ricas<\/h3>\n<\/div>\n<\/div>\n<\/div>\n","protected":false},"excerpt":{"rendered":"<p>Limpieza impecable y asequible para todos los bolsillos: Las escobilla limpiaparabrisas planas Aerofit de Bosch ofrecen un rendimiento excepcional a un precio excelente. El dise\u00f1o estilizado y aerodin\u00e1mico, aunado a los rieles de resorte de alta tecnolog\u00eda y las plumas limpiaparabrisas de goma con revestimiento suave, garantiza una visibilidad clara en cualquier condici\u00f3n meteorol\u00f3gica.<\/p>\n","protected":false},"featured_media":5173,"template":"","meta":[],"product_brand":[356],"product_cat":[399,386],"product_tag":[398],"class_list":{"0":"post-5184","1":"product","2":"type-product","3":"status-publish","4":"has-post-thumbnail","6":"product_brand-bosch-eco","7":"product_cat-bosch-eco","8":"product_cat-limpiaparabrisas-por-medida","9":"product_tag-398","11":"first","12":"instock","13":"shipping-taxable","14":"purchasable","15":"product-type-simple"},"_links":{"self":[{"href":"https:\/\/centerwiper.com\/index.php?rest_route=\/wp\/v2\/product\/5184","targetHints":{"allow":["GET"]}}],"collection":[{"href":"https:\/\/centerwiper.com\/index.php?rest_route=\/wp\/v2\/product"}],"about":[{"href":"https:\/\/centerwiper.com\/index.php?rest_route=\/wp\/v2\/types\/product"}],"wp:featuredmedia":[{"embeddable":true,"href":"https:\/\/centerwiper.com\/index.php?rest_route=\/wp\/v2\/media\/5173"}],"wp:attachment":[{"href":"https:\/\/centerwiper.com\/index.php?rest_route=%2Fwp%2Fv2%2Fmedia&parent=5184"}],"wp:term":[{"taxonomy":"product_brand","embeddable":true,"href":"https:\/\/centerwiper.com\/index.php?rest_route=%2Fwp%2Fv2%2Fproduct_brand&post=5184"},{"taxonomy":"product_cat","embeddable":true,"href":"https:\/\/centerwiper.com\/index.php?rest_route=%2Fwp%2Fv2%2Fproduct_cat&post=5184"},{"taxonomy":"product_tag","embeddable":true,"href":"https:\/\/centerwiper.com\/index.php?rest_route=%2Fwp%2Fv2%2Fproduct_tag&post=5184"}],"curies":[{"name":"wp","href":"https:\/\/api.w.org\/{rel}","templated":true}]}}