{"id":5179,"date":"2025-09-11T21:25:04","date_gmt":"2025-09-11T21:25:04","guid":{"rendered":"https:\/\/centerwiper.com\/?post_type=product&#038;p=5179"},"modified":"2026-02-19T02:38:04","modified_gmt":"2026-02-19T02:38:04","slug":"5179s21plumilla-bosch-eco-211775038000","status":"publish","type":"product","link":"https:\/\/centerwiper.com\/?product=5179s21plumilla-bosch-eco-211775038000","title":{"rendered":"5179;S21;&#8221;PLUMILLA BOSCH ECO 21&#8243;&#8221;&#8221;;1;7;7;50;38000"},"content":{"rendered":"<div class=\"M-Text-StagedTypography__item -secondary\">\n<div class=\"A-Text-TextContentIcon\">\n<div class=\"A-Text-TextContentIcon__text\">\n<h3 class=\"A-Text-TextContentIcon__headline\">Mayor visibilidad y mejor desempe\u00f1o de limpieza<\/h3>\n<\/div>\n<\/div>\n<\/div>\n<div class=\"M-Text-StagedTypography__item -secondary\">\n<div class=\"A-Text-TextContentIcon\">\n<p>&nbsp;<\/p>\n<div class=\"A-Text-TextContentIcon__text\">\n<h3 class=\"A-Text-TextContentIcon__headline\">Instalaci\u00f3n r\u00e1pida y sencilla<\/h3>\n<\/div>\n<\/div>\n<\/div>\n<div class=\"M-Text-StagedTypography__item -secondary\">\n<div class=\"A-Text-TextContentIcon\">\n<p>&nbsp;<\/p>\n<div class=\"A-Text-TextContentIcon__text\">\n<h3 class=\"A-Text-TextContentIcon__headline\">Dise\u00f1o excepcional para una mayor durabilidad<\/h3>\n<\/div>\n<\/div>\n<\/div>\n<div class=\"M-Text-StagedTypography__item -secondary\">\n<div class=\"A-Text-TextContentIcon\">\n<p>&nbsp;<\/p>\n<div class=\"A-Text-TextContentIcon__text\">\n<h3 class=\"A-Text-TextContentIcon__headline\">Rieles de resorte de alta tecnolog\u00eda y goma con revestimiento suave para una visibilidad clara; sin importar las condiciones atmosf\u00e9ricas<\/h3>\n<\/div>\n<\/div>\n<\/div>\n","protected":false},"excerpt":{"rendered":"<p>Limpieza impecable y asequible para todos los bolsillos: Las escobilla limpiaparabrisas planas Aerofit de Bosch ofrecen un rendimiento excepcional a un precio excelente. El dise\u00f1o estilizado y aerodin\u00e1mico, aunado a los rieles de resorte de alta tecnolog\u00eda y las plumas limpiaparabrisas de goma con revestimiento suave, garantiza una visibilidad clara en cualquier condici\u00f3n meteorol\u00f3gica.<\/p>\n","protected":false},"featured_media":5173,"template":"","meta":[],"product_brand":[356],"product_cat":[399,386],"product_tag":[],"class_list":{"0":"post-5179","1":"product","2":"type-product","3":"status-publish","4":"has-post-thumbnail","6":"product_brand-bosch-eco","7":"product_cat-bosch-eco","8":"product_cat-limpiaparabrisas-por-medida","10":"first","11":"instock","12":"shipping-taxable","13":"purchasable","14":"product-type-simple"},"_links":{"self":[{"href":"https:\/\/centerwiper.com\/index.php?rest_route=\/wp\/v2\/product\/5179","targetHints":{"allow":["GET"]}}],"collection":[{"href":"https:\/\/centerwiper.com\/index.php?rest_route=\/wp\/v2\/product"}],"about":[{"href":"https:\/\/centerwiper.com\/index.php?rest_route=\/wp\/v2\/types\/product"}],"wp:featuredmedia":[{"embeddable":true,"href":"https:\/\/centerwiper.com\/index.php?rest_route=\/wp\/v2\/media\/5173"}],"wp:attachment":[{"href":"https:\/\/centerwiper.com\/index.php?rest_route=%2Fwp%2Fv2%2Fmedia&parent=5179"}],"wp:term":[{"taxonomy":"product_brand","embeddable":true,"href":"https:\/\/centerwiper.com\/index.php?rest_route=%2Fwp%2Fv2%2Fproduct_brand&post=5179"},{"taxonomy":"product_cat","embeddable":true,"href":"https:\/\/centerwiper.com\/index.php?rest_route=%2Fwp%2Fv2%2Fproduct_cat&post=5179"},{"taxonomy":"product_tag","embeddable":true,"href":"https:\/\/centerwiper.com\/index.php?rest_route=%2Fwp%2Fv2%2Fproduct_tag&post=5179"}],"curies":[{"name":"wp","href":"https:\/\/api.w.org\/{rel}","templated":true}]}}