{"id":5159,"date":"2025-09-11T20:39:24","date_gmt":"2025-09-11T20:39:24","guid":{"rendered":"https:\/\/centerwiper.com\/?post_type=product&#038;p=5159"},"modified":"2026-02-19T02:38:01","modified_gmt":"2026-02-19T02:38:01","slug":"5159af16-1-1plumilla-bosch-aerofit-181775039000","status":"publish","type":"product","link":"https:\/\/centerwiper.com\/?product=5159af16-1-1plumilla-bosch-aerofit-181775039000","title":{"rendered":"5159;AF16-1-1;&#8221;PLUMILLA BOSCH AEROFIT 18&#8243;&#8221;&#8221;;1;7;7;50;39000"},"content":{"rendered":"<div class=\"M-Text-StagedTypography__item -secondary\">\n<div class=\"A-Text-TextContentIcon\">\n<div class=\"A-Text-TextContentIcon__text\">\n<h3 class=\"A-Text-TextContentIcon__headline\">Mayor visibilidad y mejor desempe\u00f1o de limpieza<\/h3>\n<\/div>\n<\/div>\n<\/div>\n<div class=\"M-Text-StagedTypography__item -secondary\">\n<div class=\"A-Text-TextContentIcon\">\n<p>&nbsp;<\/p>\n<div class=\"A-Text-TextContentIcon__text\">\n<h3 class=\"A-Text-TextContentIcon__headline\">Instalaci\u00f3n r\u00e1pida y sencilla<\/h3>\n<\/div>\n<\/div>\n<\/div>\n<div class=\"M-Text-StagedTypography__item -secondary\">\n<div class=\"A-Text-TextContentIcon\">\n<p>&nbsp;<\/p>\n<div class=\"A-Text-TextContentIcon__text\">\n<h3 class=\"A-Text-TextContentIcon__headline\">Dise\u00f1o excepcional para una mayor durabilidad<\/h3>\n<\/div>\n<\/div>\n<\/div>\n<div class=\"M-Text-StagedTypography__item -secondary\">\n<div class=\"A-Text-TextContentIcon\">\n<p>&nbsp;<\/p>\n<div class=\"A-Text-TextContentIcon__text\">\n<h3 class=\"A-Text-TextContentIcon__headline\">Rieles de resorte de alta tecnolog\u00eda y goma con revestimiento suave para una visibilidad clara; sin importar las condiciones atmosf\u00e9ricas<\/h3>\n<\/div>\n<\/div>\n<\/div>\n","protected":false},"excerpt":{"rendered":"<p>Limpieza impecable y asequible para todos los bolsillos: Las escobilla limpiaparabrisas planas Aerofit de Bosch ofrecen un rendimiento excepcional a un precio excelente. El dise\u00f1o estilizado y aerodin\u00e1mico, aunado a los rieles de resorte de alta tecnolog\u00eda y las plumas limpiaparabrisas de goma con revestimiento suave, garantiza una visibilidad clara en cualquier condici\u00f3n meteorol\u00f3gica.<\/p>\n","protected":false},"featured_media":5151,"template":"","meta":[],"product_brand":[355],"product_cat":[395,386],"product_tag":[393],"class_list":{"0":"post-5159","1":"product","2":"type-product","3":"status-publish","4":"has-post-thumbnail","6":"product_brand-bosch-aerofit","7":"product_cat-bosch-aerofit","8":"product_cat-limpiaparabrisas-por-medida","9":"product_tag-393","11":"first","12":"instock","13":"shipping-taxable","14":"purchasable","15":"product-type-simple"},"_links":{"self":[{"href":"https:\/\/centerwiper.com\/index.php?rest_route=\/wp\/v2\/product\/5159","targetHints":{"allow":["GET"]}}],"collection":[{"href":"https:\/\/centerwiper.com\/index.php?rest_route=\/wp\/v2\/product"}],"about":[{"href":"https:\/\/centerwiper.com\/index.php?rest_route=\/wp\/v2\/types\/product"}],"wp:featuredmedia":[{"embeddable":true,"href":"https:\/\/centerwiper.com\/index.php?rest_route=\/wp\/v2\/media\/5151"}],"wp:attachment":[{"href":"https:\/\/centerwiper.com\/index.php?rest_route=%2Fwp%2Fv2%2Fmedia&parent=5159"}],"wp:term":[{"taxonomy":"product_brand","embeddable":true,"href":"https:\/\/centerwiper.com\/index.php?rest_route=%2Fwp%2Fv2%2Fproduct_brand&post=5159"},{"taxonomy":"product_cat","embeddable":true,"href":"https:\/\/centerwiper.com\/index.php?rest_route=%2Fwp%2Fv2%2Fproduct_cat&post=5159"},{"taxonomy":"product_tag","embeddable":true,"href":"https:\/\/centerwiper.com\/index.php?rest_route=%2Fwp%2Fv2%2Fproduct_tag&post=5159"}],"curies":[{"name":"wp","href":"https:\/\/api.w.org\/{rel}","templated":true}]}}