{"id":5142,"date":"2025-09-11T19:35:57","date_gmt":"2025-09-11T19:35:57","guid":{"rendered":"https:\/\/centerwiper.com\/?post_type=product&#038;p=5142"},"modified":"2026-02-19T02:38:01","modified_gmt":"2026-02-19T02:38:01","slug":"5142204923-1-1-1-1plumilla-trasera-peugeot-50081775038000","status":"publish","type":"product","link":"https:\/\/centerwiper.com\/?product=5142204923-1-1-1-1plumilla-trasera-peugeot-50081775038000","title":{"rendered":"5142;204923-1-1-1-1;PLUMILLA TRASERA PEUGEOT  5008;1;7;7;50;38000"},"content":{"rendered":"<p>CARACTERISTICAS<\/p>\n<p>MEDIDA\u00a0 12\u00b4\u00b4<\/p>\n<p>ELABORACION EN CAUCHO Y GRAFITO<\/p>\n","protected":false},"excerpt":{"rendered":"<p>Se asemejan a la forma y funci\u00f3n del equipo original del fabricante de la mejor manera posible. La superficie de contacto espec\u00edfica del tipo de veh\u00edculo integrada en el limpiaparabrisas garantiza un ajuste f\u00e1cil y seguro.<\/p>\n","protected":false},"featured_media":5092,"template":"","meta":[],"product_brand":[96],"product_cat":[281,390,387],"product_tag":[],"class_list":{"0":"post-5142","1":"product","2":"type-product","3":"status-publish","4":"has-post-thumbnail","6":"product_brand-https-centerwiper-com-product-marc-titan","7":"product_cat-fiat","8":"product_cat-peugeot","9":"product_cat-limpiaparabrisas-traceros","11":"first","12":"instock","13":"shipping-taxable","14":"purchasable","15":"product-type-simple"},"_links":{"self":[{"href":"https:\/\/centerwiper.com\/index.php?rest_route=\/wp\/v2\/product\/5142","targetHints":{"allow":["GET"]}}],"collection":[{"href":"https:\/\/centerwiper.com\/index.php?rest_route=\/wp\/v2\/product"}],"about":[{"href":"https:\/\/centerwiper.com\/index.php?rest_route=\/wp\/v2\/types\/product"}],"wp:featuredmedia":[{"embeddable":true,"href":"https:\/\/centerwiper.com\/index.php?rest_route=\/wp\/v2\/media\/5092"}],"wp:attachment":[{"href":"https:\/\/centerwiper.com\/index.php?rest_route=%2Fwp%2Fv2%2Fmedia&parent=5142"}],"wp:term":[{"taxonomy":"product_brand","embeddable":true,"href":"https:\/\/centerwiper.com\/index.php?rest_route=%2Fwp%2Fv2%2Fproduct_brand&post=5142"},{"taxonomy":"product_cat","embeddable":true,"href":"https:\/\/centerwiper.com\/index.php?rest_route=%2Fwp%2Fv2%2Fproduct_cat&post=5142"},{"taxonomy":"product_tag","embeddable":true,"href":"https:\/\/centerwiper.com\/index.php?rest_route=%2Fwp%2Fv2%2Fproduct_tag&post=5142"}],"curies":[{"name":"wp","href":"https:\/\/api.w.org\/{rel}","templated":true}]}}