{"id":5123,"date":"2025-09-11T18:23:41","date_gmt":"2025-09-11T18:23:41","guid":{"rendered":"https:\/\/centerwiper.com\/?post_type=product&#038;p=5123"},"modified":"2026-02-22T23:04:25","modified_gmt":"2026-02-22T23:04:25","slug":"5123204933plumilla-trasera-chevrolet-tracker-2014-1775075000","status":"publish","type":"product","link":"https:\/\/centerwiper.com\/?product=5123204933plumilla-trasera-chevrolet-tracker-2014-1775075000","title":{"rendered":"PLUMILLA TRASERA CHEVROLET TRACKER"},"content":{"rendered":"<p>CARACTERISTICAS<\/p>\n<p>MEDIDA\u00a0 10\u00b4\u00b4<\/p>\n<p>ELABORACION EN CAUCHO Y GRAFITO<\/p>\n","protected":false},"excerpt":{"rendered":"<p>Se asemejan a la forma y funci\u00f3n del equipo original del fabricante de la mejor manera posible. La superficie de contacto espec\u00edfica del tipo de veh\u00edculo integrada en el limpiaparabrisas garantiza un ajuste f\u00e1cil y seguro.<\/p>\n","protected":false},"featured_media":6894,"template":"","meta":[],"product_brand":[96],"product_cat":[86,387],"product_tag":[],"class_list":{"0":"post-5123","1":"product","2":"type-product","3":"status-publish","4":"has-post-thumbnail","6":"product_brand-https-centerwiper-com-product-marc-titan","7":"product_cat-chevrolet","8":"product_cat-limpiaparabrisas-traceros","10":"first","11":"instock","12":"shipping-taxable","13":"purchasable","14":"product-type-simple"},"_links":{"self":[{"href":"https:\/\/centerwiper.com\/index.php?rest_route=\/wp\/v2\/product\/5123","targetHints":{"allow":["GET"]}}],"collection":[{"href":"https:\/\/centerwiper.com\/index.php?rest_route=\/wp\/v2\/product"}],"about":[{"href":"https:\/\/centerwiper.com\/index.php?rest_route=\/wp\/v2\/types\/product"}],"wp:featuredmedia":[{"embeddable":true,"href":"https:\/\/centerwiper.com\/index.php?rest_route=\/wp\/v2\/media\/6894"}],"wp:attachment":[{"href":"https:\/\/centerwiper.com\/index.php?rest_route=%2Fwp%2Fv2%2Fmedia&parent=5123"}],"wp:term":[{"taxonomy":"product_brand","embeddable":true,"href":"https:\/\/centerwiper.com\/index.php?rest_route=%2Fwp%2Fv2%2Fproduct_brand&post=5123"},{"taxonomy":"product_cat","embeddable":true,"href":"https:\/\/centerwiper.com\/index.php?rest_route=%2Fwp%2Fv2%2Fproduct_cat&post=5123"},{"taxonomy":"product_tag","embeddable":true,"href":"https:\/\/centerwiper.com\/index.php?rest_route=%2Fwp%2Fv2%2Fproduct_tag&post=5123"}],"curies":[{"name":"wp","href":"https:\/\/api.w.org\/{rel}","templated":true}]}}