{"id":5115,"date":"2025-09-11T18:01:28","date_gmt":"2025-09-11T18:01:28","guid":{"rendered":"https:\/\/centerwiper.com\/?post_type=product&#038;p=5115"},"modified":"2026-03-13T15:41:21","modified_gmt":"2026-03-13T15:41:21","slug":"5115109623-1-1-1plumilla-trasera-renault-duster-2014-20171775030000","status":"publish","type":"product","link":"https:\/\/centerwiper.com\/?product=5115109623-1-1-1plumilla-trasera-renault-duster-2014-20171775030000","title":{"rendered":"PLUMILLA TRASERA RENAULT DUSTER 2014-2017"},"content":{"rendered":"<p>CARACTERISTICAS<\/p>\n<p>MEDIDA\u00a0 14\u00b4\u00b4<\/p>\n<p>ELABORACION EN CAUCHO Y GRAFITO<\/p>\n","protected":false},"excerpt":{"rendered":"<p>Se asemejan a la forma y funci\u00f3n del equipo original del fabricante de la mejor manera posible. La superficie de contacto espec\u00edfica del tipo de veh\u00edculo integrada en el limpiaparabrisas garantiza un ajuste f\u00e1cil y seguro.<\/p>\n","protected":false},"featured_media":5103,"template":"","meta":[],"product_brand":[96],"product_cat":[93,387],"product_tag":[389],"class_list":{"0":"post-5115","1":"product","2":"type-product","3":"status-publish","4":"has-post-thumbnail","6":"product_brand-https-centerwiper-com-product-marc-titan","7":"product_cat-renault2","8":"product_cat-limpiaparabrisas-traceros","9":"product_tag-peugot-307","11":"first","12":"instock","13":"shipping-taxable","14":"purchasable","15":"product-type-simple"},"_links":{"self":[{"href":"https:\/\/centerwiper.com\/index.php?rest_route=\/wp\/v2\/product\/5115","targetHints":{"allow":["GET"]}}],"collection":[{"href":"https:\/\/centerwiper.com\/index.php?rest_route=\/wp\/v2\/product"}],"about":[{"href":"https:\/\/centerwiper.com\/index.php?rest_route=\/wp\/v2\/types\/product"}],"wp:featuredmedia":[{"embeddable":true,"href":"https:\/\/centerwiper.com\/index.php?rest_route=\/wp\/v2\/media\/5103"}],"wp:attachment":[{"href":"https:\/\/centerwiper.com\/index.php?rest_route=%2Fwp%2Fv2%2Fmedia&parent=5115"}],"wp:term":[{"taxonomy":"product_brand","embeddable":true,"href":"https:\/\/centerwiper.com\/index.php?rest_route=%2Fwp%2Fv2%2Fproduct_brand&post=5115"},{"taxonomy":"product_cat","embeddable":true,"href":"https:\/\/centerwiper.com\/index.php?rest_route=%2Fwp%2Fv2%2Fproduct_cat&post=5115"},{"taxonomy":"product_tag","embeddable":true,"href":"https:\/\/centerwiper.com\/index.php?rest_route=%2Fwp%2Fv2%2Fproduct_tag&post=5115"}],"curies":[{"name":"wp","href":"https:\/\/api.w.org\/{rel}","templated":true}]}}