{"id":5055,"date":"2025-09-10T16:41:16","date_gmt":"2025-09-10T16:41:16","guid":{"rendered":"https:\/\/centerwiper.com\/?post_type=product&#038;p=5055"},"modified":"2026-02-19T02:37:58","modified_gmt":"2026-02-19T02:37:58","slug":"50552021000-1pano-microfibra-40x40-cm1771548000","status":"publish","type":"product","link":"https:\/\/centerwiper.com\/?product=50552021000-1pano-microfibra-40x40-cm1771548000","title":{"rendered":"5055;2021000-1;PA\u00d1O MICROFIBRA 40X40 cm;1;7;7;15;48000"},"content":{"rendered":"<p>El pa\u00f1o esponjoso con microfibras de alta calidad para eliminar residuos.<\/p>\n<p>Garantiza un brillo radiante sin ara\u00f1azos, rayas ni estr\u00edas.<\/p>\n<p>Material: 89\u00a0% poli\u00e9ster, 11\u00a0% poliamida<\/p>\n<p>Formato del pa\u00f1o: 40&#215;40\u00a0cm<\/p>\n","protected":false},"excerpt":{"rendered":"<p>El pa\u00f1o esponjoso con microfibras de alta calidad para eliminar residuos. Garantiza un brillo radiante sin ara\u00f1azos, rayas ni estr\u00edas. Material: 89\u00a0% poli\u00e9ster, 11\u00a0% poliamida Formato del pa\u00f1o: 40&#215;40\u00a0cm<\/p>\n","protected":false},"featured_media":5056,"template":"","meta":[],"product_brand":[193],"product_cat":[189],"product_tag":[],"class_list":{"0":"post-5055","1":"product","2":"type-product","3":"status-publish","4":"has-post-thumbnail","6":"product_brand-sonax","7":"product_cat-limpieza","8":"pa_limpieza-ceras","10":"first","11":"instock","12":"shipping-taxable","13":"purchasable","14":"product-type-simple"},"_links":{"self":[{"href":"https:\/\/centerwiper.com\/index.php?rest_route=\/wp\/v2\/product\/5055","targetHints":{"allow":["GET"]}}],"collection":[{"href":"https:\/\/centerwiper.com\/index.php?rest_route=\/wp\/v2\/product"}],"about":[{"href":"https:\/\/centerwiper.com\/index.php?rest_route=\/wp\/v2\/types\/product"}],"wp:featuredmedia":[{"embeddable":true,"href":"https:\/\/centerwiper.com\/index.php?rest_route=\/wp\/v2\/media\/5056"}],"wp:attachment":[{"href":"https:\/\/centerwiper.com\/index.php?rest_route=%2Fwp%2Fv2%2Fmedia&parent=5055"}],"wp:term":[{"taxonomy":"product_brand","embeddable":true,"href":"https:\/\/centerwiper.com\/index.php?rest_route=%2Fwp%2Fv2%2Fproduct_brand&post=5055"},{"taxonomy":"product_cat","embeddable":true,"href":"https:\/\/centerwiper.com\/index.php?rest_route=%2Fwp%2Fv2%2Fproduct_cat&post=5055"},{"taxonomy":"product_tag","embeddable":true,"href":"https:\/\/centerwiper.com\/index.php?rest_route=%2Fwp%2Fv2%2Fproduct_tag&post=5055"}],"curies":[{"name":"wp","href":"https:\/\/api.w.org\/{rel}","templated":true}]}}