{"id":5054,"date":"2025-09-10T16:32:15","date_gmt":"2025-09-10T16:32:15","guid":{"rendered":"https:\/\/centerwiper.com\/?post_type=product&#038;p=5054"},"modified":"2026-02-19T02:37:58","modified_gmt":"2026-02-19T02:37:58","slug":"50542021000cera-xtreme-1-500ml1771548000","status":"publish","type":"product","link":"https:\/\/centerwiper.com\/?product=50542021000cera-xtreme-1-500ml1771548000","title":{"rendered":"5054;2021000;CERA XTREME 1  500ml;1;7;7;15;48000"},"content":{"rendered":"<h2>CARACTERISTICAS<\/h2>\n<p>Cera abrillantadora HIDROFOBICA<\/p>\n<p>Aplicacion manual o con pulidora<\/p>\n<p>PRESENTACION 500 ML\u00a0 .<\/p>\n<p>&nbsp;<\/p>\n","protected":false},"excerpt":{"rendered":"<p>Cera dura l\u00edquida sin contenido abrasivo para toda la pintura nueva, renovada o que ya ha sido pretratada con pulimento. Brillo intenso reluciente, colores radiantes y sellado duradero con un efecto de larga duraci\u00f3n gracias a la innovadora tecnolog\u00eda Hybrid NetProtection, que combina componentes inorg\u00e1nicos y org\u00e1nicos especiales para crear una capa protectora duradera y de alto brillo para todo tipo de pinturas. La superficie impresiona por su suavidad, un brillo intenso y un notable efecto repelente al agua. SONAX XTREME BrilliantWax 1 no deja marcas ni rayas blancas persistentes si las piezas de pl\u00e1stico entran accidentalmente en contacto con el producto.<\/p>\n","protected":false},"featured_media":5051,"template":"","meta":[],"product_brand":[193],"product_cat":[189],"product_tag":[],"class_list":{"0":"post-5054","1":"product","2":"type-product","3":"status-publish","4":"has-post-thumbnail","6":"product_brand-sonax","7":"product_cat-limpieza","8":"pa_limpieza-ceras","10":"first","11":"instock","12":"shipping-taxable","13":"purchasable","14":"product-type-simple"},"_links":{"self":[{"href":"https:\/\/centerwiper.com\/index.php?rest_route=\/wp\/v2\/product\/5054","targetHints":{"allow":["GET"]}}],"collection":[{"href":"https:\/\/centerwiper.com\/index.php?rest_route=\/wp\/v2\/product"}],"about":[{"href":"https:\/\/centerwiper.com\/index.php?rest_route=\/wp\/v2\/types\/product"}],"wp:featuredmedia":[{"embeddable":true,"href":"https:\/\/centerwiper.com\/index.php?rest_route=\/wp\/v2\/media\/5051"}],"wp:attachment":[{"href":"https:\/\/centerwiper.com\/index.php?rest_route=%2Fwp%2Fv2%2Fmedia&parent=5054"}],"wp:term":[{"taxonomy":"product_brand","embeddable":true,"href":"https:\/\/centerwiper.com\/index.php?rest_route=%2Fwp%2Fv2%2Fproduct_brand&post=5054"},{"taxonomy":"product_cat","embeddable":true,"href":"https:\/\/centerwiper.com\/index.php?rest_route=%2Fwp%2Fv2%2Fproduct_cat&post=5054"},{"taxonomy":"product_tag","embeddable":true,"href":"https:\/\/centerwiper.com\/index.php?rest_route=%2Fwp%2Fv2%2Fproduct_tag&post=5054"}],"curies":[{"name":"wp","href":"https:\/\/api.w.org\/{rel}","templated":true}]}}