{"id":5048,"date":"2025-09-10T16:17:36","date_gmt":"2025-09-10T16:17:36","guid":{"rendered":"https:\/\/centerwiper.com\/?post_type=product&#038;p=5048"},"modified":"2026-02-19T02:37:58","modified_gmt":"2026-02-19T02:37:58","slug":"50482743000-1-1cera-easy-shine-250-ml1771526000","status":"publish","type":"product","link":"https:\/\/centerwiper.com\/?product=50482743000-1-1cera-easy-shine-250-ml1771526000","title":{"rendered":"5048;2743000-1-1;CERA EASY SHINE  250 ml;1;7;7;15;26000"},"content":{"rendered":"<h2>CARACTERISTICAS<\/h2>\n<p>Cera abrillantadora a base de carnauva<\/p>\n<p>Aplicacion manual o con pulidora<\/p>\n<p>PRESENTACION 250 ML .<\/p>\n<p>&nbsp;<\/p>\n","protected":false},"excerpt":{"rendered":"<p>Pulimento de alto rendimiento para eliminar ara\u00f1azos en pl\u00e1sticos lisos y brillantes, acr\u00edlico y plexigl\u00e1s. Ideal para superficies opacas en ventanas traseras de descapotables, caravanas, barcos y aviones, muebles de acr\u00edlico, etc. Durante el pulido, los gr\u00e1nulos especiales se descomponen en part\u00edculas extremadamente finas, dando como resultado una superficie lisa y de alto brillo. Sin silicona, tambi\u00e9n apto para pulidoras.<\/p>\n","protected":false},"featured_media":5047,"template":"","meta":[],"product_brand":[193],"product_cat":[189],"product_tag":[],"class_list":{"0":"post-5048","1":"product","2":"type-product","3":"status-publish","4":"has-post-thumbnail","6":"product_brand-sonax","7":"product_cat-limpieza","8":"pa_limpieza-ceras","10":"first","11":"instock","12":"shipping-taxable","13":"purchasable","14":"product-type-simple"},"_links":{"self":[{"href":"https:\/\/centerwiper.com\/index.php?rest_route=\/wp\/v2\/product\/5048","targetHints":{"allow":["GET"]}}],"collection":[{"href":"https:\/\/centerwiper.com\/index.php?rest_route=\/wp\/v2\/product"}],"about":[{"href":"https:\/\/centerwiper.com\/index.php?rest_route=\/wp\/v2\/types\/product"}],"wp:featuredmedia":[{"embeddable":true,"href":"https:\/\/centerwiper.com\/index.php?rest_route=\/wp\/v2\/media\/5047"}],"wp:attachment":[{"href":"https:\/\/centerwiper.com\/index.php?rest_route=%2Fwp%2Fv2%2Fmedia&parent=5048"}],"wp:term":[{"taxonomy":"product_brand","embeddable":true,"href":"https:\/\/centerwiper.com\/index.php?rest_route=%2Fwp%2Fv2%2Fproduct_brand&post=5048"},{"taxonomy":"product_cat","embeddable":true,"href":"https:\/\/centerwiper.com\/index.php?rest_route=%2Fwp%2Fv2%2Fproduct_cat&post=5048"},{"taxonomy":"product_tag","embeddable":true,"href":"https:\/\/centerwiper.com\/index.php?rest_route=%2Fwp%2Fv2%2Fproduct_tag&post=5048"}],"curies":[{"name":"wp","href":"https:\/\/api.w.org\/{rel}","templated":true}]}}