{"id":4943,"date":"2025-09-07T18:19:15","date_gmt":"2025-09-07T18:19:15","guid":{"rendered":"https:\/\/centerwiper.com\/?post_type=product&#038;p=4943"},"modified":"2026-02-19T02:37:58","modified_gmt":"2026-02-19T02:37:58","slug":"4943plumillas-delanteras-nissan-note-bosch-aerofit-juego-x2-1775086000","status":"publish","type":"product","link":"https:\/\/centerwiper.com\/?product=4943plumillas-delanteras-nissan-note-bosch-aerofit-juego-x2-1775086000","title":{"rendered":"4943;;PLUMILLAS DELANTERAS NISSAN NOTE BOSCH AEROFIT  \/ JUEGO X2  ;1;7;7;50;86000"},"content":{"rendered":"<p><strong>CARACTERISTICAS<\/strong><\/p>\n<ul>\n<li>MEDIDAS DE\u00a0 \u00a024 PILOTO\u00a0 \u00a014 COPILOTO<\/li>\n<li>ALMA EN ACERO<\/li>\n<li>ANCLAJE DE GANCHO<\/li>\n<\/ul>\n","protected":false},"excerpt":{"rendered":"<p>El dise\u00f1o estilizado y aerodin\u00e1mico, aunado a los rieles de resorte de alta tecnolog\u00eda y las plumas limpiaparabrisas de goma con revestimiento suave, garantiza una visibilidad clara en cualquier condici\u00f3n meteorol\u00f3gica. Las escobilla limpiaparabrisas Aerofit de Bosch tienen una excelente relaci\u00f3n calidad-precio y, por lo tanto, son una buena opci\u00f3n para los veh\u00edculos m\u00e1s antiguos y los m\u00e1s peque\u00f1os. Rentable: con el respaldo de una calidad indiscutible.<\/p>\n","protected":false},"featured_media":4903,"template":"","meta":[],"product_brand":[355],"product_cat":[92],"product_tag":[],"class_list":{"0":"post-4943","1":"product","2":"type-product","3":"status-publish","4":"has-post-thumbnail","6":"product_brand-bosch-aerofit","7":"product_cat-nissan","8":"pa_marca-de-limpiaparabrisas-bosch-aerofit","9":"pa_marca-del-auto-nissan","11":"first","12":"instock","13":"shipping-taxable","14":"purchasable","15":"product-type-simple"},"_links":{"self":[{"href":"https:\/\/centerwiper.com\/index.php?rest_route=\/wp\/v2\/product\/4943","targetHints":{"allow":["GET"]}}],"collection":[{"href":"https:\/\/centerwiper.com\/index.php?rest_route=\/wp\/v2\/product"}],"about":[{"href":"https:\/\/centerwiper.com\/index.php?rest_route=\/wp\/v2\/types\/product"}],"wp:featuredmedia":[{"embeddable":true,"href":"https:\/\/centerwiper.com\/index.php?rest_route=\/wp\/v2\/media\/4903"}],"wp:attachment":[{"href":"https:\/\/centerwiper.com\/index.php?rest_route=%2Fwp%2Fv2%2Fmedia&parent=4943"}],"wp:term":[{"taxonomy":"product_brand","embeddable":true,"href":"https:\/\/centerwiper.com\/index.php?rest_route=%2Fwp%2Fv2%2Fproduct_brand&post=4943"},{"taxonomy":"product_cat","embeddable":true,"href":"https:\/\/centerwiper.com\/index.php?rest_route=%2Fwp%2Fv2%2Fproduct_cat&post=4943"},{"taxonomy":"product_tag","embeddable":true,"href":"https:\/\/centerwiper.com\/index.php?rest_route=%2Fwp%2Fv2%2Fproduct_tag&post=4943"}],"curies":[{"name":"wp","href":"https:\/\/api.w.org\/{rel}","templated":true}]}}