{"id":4932,"date":"2025-09-07T17:57:44","date_gmt":"2025-09-07T17:57:44","guid":{"rendered":"https:\/\/centerwiper.com\/?post_type=product&#038;p=4932"},"modified":"2026-02-19T02:37:58","modified_gmt":"2026-02-19T02:37:58","slug":"4932plumillas-delanteras-nissan-d21-bosch-eco-juego-x2-1775065000","status":"publish","type":"product","link":"https:\/\/centerwiper.com\/?product=4932plumillas-delanteras-nissan-d21-bosch-eco-juego-x2-1775065000","title":{"rendered":"4932;;PLUMILLAS DELANTERAS NISSAN  D21 BOSCH ECO  \/ JUEGO X2    ;1;7;7;50;65000"},"content":{"rendered":"<p><strong>CARACTERISTICAS<\/strong><\/p>\n<ul>\n<li>MEDIDAS DE\u00a0 \u00a019 PILOTO\u00a0 \u00a019 COPILOTO<\/li>\n<li>ALMA EN ACERO<\/li>\n<li>ANCLAJE DE GANCHO<\/li>\n<\/ul>\n","protected":false},"excerpt":{"rendered":"<p>Los limpiaparabrisas ECO de Bosch est\u00e1n dise\u00f1ados para brindar una limpieza confiable. Cada pluma limpiaparabrisas tiene resortes tensores dobles de acero, goma natural cortada con precisi\u00f3n y recubierta con grafito.. Esto significa una limpieza de primera calidad y una visi\u00f3n clara. Y el exclusivo sistema de instalaci\u00f3n instant\u00e1nea Quick Clip de Bosch hace que la instalaci\u00f3n sea r\u00e1pida y sencilla.<\/p>\n","protected":false},"featured_media":4900,"template":"","meta":[],"product_brand":[356],"product_cat":[92],"product_tag":[],"class_list":{"0":"post-4932","1":"product","2":"type-product","3":"status-publish","4":"has-post-thumbnail","6":"product_brand-bosch-eco","7":"product_cat-nissan","9":"first","10":"instock","11":"shipping-taxable","12":"purchasable","13":"product-type-simple"},"_links":{"self":[{"href":"https:\/\/centerwiper.com\/index.php?rest_route=\/wp\/v2\/product\/4932","targetHints":{"allow":["GET"]}}],"collection":[{"href":"https:\/\/centerwiper.com\/index.php?rest_route=\/wp\/v2\/product"}],"about":[{"href":"https:\/\/centerwiper.com\/index.php?rest_route=\/wp\/v2\/types\/product"}],"wp:featuredmedia":[{"embeddable":true,"href":"https:\/\/centerwiper.com\/index.php?rest_route=\/wp\/v2\/media\/4900"}],"wp:attachment":[{"href":"https:\/\/centerwiper.com\/index.php?rest_route=%2Fwp%2Fv2%2Fmedia&parent=4932"}],"wp:term":[{"taxonomy":"product_brand","embeddable":true,"href":"https:\/\/centerwiper.com\/index.php?rest_route=%2Fwp%2Fv2%2Fproduct_brand&post=4932"},{"taxonomy":"product_cat","embeddable":true,"href":"https:\/\/centerwiper.com\/index.php?rest_route=%2Fwp%2Fv2%2Fproduct_cat&post=4932"},{"taxonomy":"product_tag","embeddable":true,"href":"https:\/\/centerwiper.com\/index.php?rest_route=%2Fwp%2Fv2%2Fproduct_tag&post=4932"}],"curies":[{"name":"wp","href":"https:\/\/api.w.org\/{rel}","templated":true}]}}