{"id":4853,"date":"2025-09-06T17:14:11","date_gmt":"2025-09-06T17:14:11","guid":{"rendered":"https:\/\/centerwiper.com\/?post_type=product&#038;p=4853"},"modified":"2026-02-19T02:37:56","modified_gmt":"2026-02-19T02:37:56","slug":"4853plumillas-delanteras-nissansentra-2013-titan-ultimited-juego-x2-1775080000","status":"publish","type":"product","link":"https:\/\/centerwiper.com\/?product=4853plumillas-delanteras-nissansentra-2013-titan-ultimited-juego-x2-1775080000","title":{"rendered":"4853;;PLUMILLAS DELANTERAS NISSANSENTRA 2013 TITAN ULTIMITED  \/ JUEGO X2   ;1;7;7;50;80000"},"content":{"rendered":"<p><strong>CARACTERISTICAS<\/strong><\/p>\n<ul>\n<li>MEDIDAS DE\u00a0 \u00a028 PILOTO\u00a0 \u00a014 COPILOTO &#8211;\u00a0 PULGADAS<\/li>\n<li>DISE\u00d1O AERODINAMICO<\/li>\n<li>ALMA EN ACERO<\/li>\n<li>MULTI ADAPTADOR<\/li>\n<\/ul>\n","protected":false},"excerpt":{"rendered":"<p>Titan Unlimited: el limpiaparabrisas que dura hasta un mill\u00f3n de barridos. Con tecnolog\u00eda Lubri C++ para un deslizamiento ultrasuave y el m\u00e1ximo rendimiento en cualquier clima.<\/p>\n","protected":false},"featured_media":4808,"template":"","meta":[],"product_brand":[100],"product_cat":[92],"product_tag":[351],"class_list":{"0":"post-4853","1":"product","2":"type-product","3":"status-publish","4":"has-post-thumbnail","6":"product_brand-titan-ultimited","7":"product_cat-nissan","8":"product_tag-sentra","10":"first","11":"instock","12":"shipping-taxable","13":"purchasable","14":"product-type-simple"},"_links":{"self":[{"href":"https:\/\/centerwiper.com\/index.php?rest_route=\/wp\/v2\/product\/4853","targetHints":{"allow":["GET"]}}],"collection":[{"href":"https:\/\/centerwiper.com\/index.php?rest_route=\/wp\/v2\/product"}],"about":[{"href":"https:\/\/centerwiper.com\/index.php?rest_route=\/wp\/v2\/types\/product"}],"wp:featuredmedia":[{"embeddable":true,"href":"https:\/\/centerwiper.com\/index.php?rest_route=\/wp\/v2\/media\/4808"}],"wp:attachment":[{"href":"https:\/\/centerwiper.com\/index.php?rest_route=%2Fwp%2Fv2%2Fmedia&parent=4853"}],"wp:term":[{"taxonomy":"product_brand","embeddable":true,"href":"https:\/\/centerwiper.com\/index.php?rest_route=%2Fwp%2Fv2%2Fproduct_brand&post=4853"},{"taxonomy":"product_cat","embeddable":true,"href":"https:\/\/centerwiper.com\/index.php?rest_route=%2Fwp%2Fv2%2Fproduct_cat&post=4853"},{"taxonomy":"product_tag","embeddable":true,"href":"https:\/\/centerwiper.com\/index.php?rest_route=%2Fwp%2Fv2%2Fproduct_tag&post=4853"}],"curies":[{"name":"wp","href":"https:\/\/api.w.org\/{rel}","templated":true}]}}