{"id":4844,"date":"2025-09-06T16:49:47","date_gmt":"2025-09-06T16:49:47","guid":{"rendered":"https:\/\/centerwiper.com\/?post_type=product&#038;p=4844"},"modified":"2026-02-19T02:37:56","modified_gmt":"2026-02-19T02:37:56","slug":"4844plumillas-delanteras-nissan-versa-2021-titan-ultimited-juego-x2-1775080000","status":"publish","type":"product","link":"https:\/\/centerwiper.com\/?product=4844plumillas-delanteras-nissan-versa-2021-titan-ultimited-juego-x2-1775080000","title":{"rendered":"4844;;PLUMILLAS DELANTERAS NISSAN  VERSA 2021 TITAN ULTIMITED  \/ JUEGO X2   ;1;7;7;50;80000"},"content":{"rendered":"<p><strong>CARACTERISTICAS<\/strong><\/p>\n<ul>\n<li>MEDIDAS DE\u00a0 \u00a026 PILOTO\u00a0 \u00a014 COPILOTO &#8211;\u00a0 PULGADAS<\/li>\n<li>DISE\u00d1O AERODINAMICO<\/li>\n<li>ALMA EN ACERO<\/li>\n<li>MULTI ADAPTADOR<\/li>\n<\/ul>\n","protected":false},"excerpt":{"rendered":"<p>Titan Unlimited: el limpiaparabrisas que dura hasta un mill\u00f3n de barridos. Con tecnolog\u00eda Lubri C++ para un deslizamiento ultrasuave y el m\u00e1ximo rendimiento en cualquier clima.<\/p>\n","protected":false},"featured_media":4793,"template":"","meta":[],"product_brand":[100],"product_cat":[92],"product_tag":[343],"class_list":{"0":"post-4844","1":"product","2":"type-product","3":"status-publish","4":"has-post-thumbnail","6":"product_brand-titan-ultimited","7":"product_cat-nissan","8":"product_tag-versa","10":"first","11":"instock","12":"shipping-taxable","13":"purchasable","14":"product-type-simple"},"_links":{"self":[{"href":"https:\/\/centerwiper.com\/index.php?rest_route=\/wp\/v2\/product\/4844","targetHints":{"allow":["GET"]}}],"collection":[{"href":"https:\/\/centerwiper.com\/index.php?rest_route=\/wp\/v2\/product"}],"about":[{"href":"https:\/\/centerwiper.com\/index.php?rest_route=\/wp\/v2\/types\/product"}],"wp:featuredmedia":[{"embeddable":true,"href":"https:\/\/centerwiper.com\/index.php?rest_route=\/wp\/v2\/media\/4793"}],"wp:attachment":[{"href":"https:\/\/centerwiper.com\/index.php?rest_route=%2Fwp%2Fv2%2Fmedia&parent=4844"}],"wp:term":[{"taxonomy":"product_brand","embeddable":true,"href":"https:\/\/centerwiper.com\/index.php?rest_route=%2Fwp%2Fv2%2Fproduct_brand&post=4844"},{"taxonomy":"product_cat","embeddable":true,"href":"https:\/\/centerwiper.com\/index.php?rest_route=%2Fwp%2Fv2%2Fproduct_cat&post=4844"},{"taxonomy":"product_tag","embeddable":true,"href":"https:\/\/centerwiper.com\/index.php?rest_route=%2Fwp%2Fv2%2Fproduct_tag&post=4844"}],"curies":[{"name":"wp","href":"https:\/\/api.w.org\/{rel}","templated":true}]}}