{"id":3947,"date":"2025-08-13T22:06:49","date_gmt":"2025-08-13T22:06:49","guid":{"rendered":"https:\/\/centerwiper.com\/?post_type=product&#038;p=3947"},"modified":"2026-02-19T02:37:43","modified_gmt":"2026-02-19T02:37:43","slug":"3947plumillas-delanteras-bmw-x1-2009titan-ultimited-multiadaotador-juego-x-21775090000","status":"publish","type":"product","link":"https:\/\/centerwiper.com\/?product=3947plumillas-delanteras-bmw-x1-2009titan-ultimited-multiadaotador-juego-x-21775090000","title":{"rendered":"3947;;PLUMILLAS DELANTERAS BMW  X1   2009\u2026TITAN ULTIMITED MULTIADAOTADOR \/ JUEGO X 2;1;7;7;50;90000"},"content":{"rendered":"<p><strong>CARACTERISTICAS<\/strong><\/p>\n<ul>\n<li>MEDIDAS DE\u00a0 \u00a024 PILOTO\u00a0 \u00a019 COPILOTO &#8211;\u00a0 PULGADAS<\/li>\n<li>DISE\u00d1O AERODINAMICO<\/li>\n<li>ALMA EN ACERO<\/li>\n<li>MULTI ADAPTADOR<\/li>\n<\/ul>\n","protected":false},"excerpt":{"rendered":"<p>Titan Unlimited: el limpiaparabrisas que dura hasta un mill\u00f3n de barridos. Con tecnolog\u00eda Lubri C++ para un deslizamiento ultrasuave y el m\u00e1ximo rendimiento en cualquier clima.<\/p>\n","protected":false},"featured_media":3948,"template":"","meta":[],"product_brand":[100],"product_cat":[218],"product_tag":[219],"class_list":{"0":"post-3947","1":"product","2":"type-product","3":"status-publish","4":"has-post-thumbnail","6":"product_brand-titan-ultimited","7":"product_cat-bmw","8":"product_tag-x-1","10":"first","11":"instock","12":"shipping-taxable","13":"purchasable","14":"product-type-simple"},"_links":{"self":[{"href":"https:\/\/centerwiper.com\/index.php?rest_route=\/wp\/v2\/product\/3947","targetHints":{"allow":["GET"]}}],"collection":[{"href":"https:\/\/centerwiper.com\/index.php?rest_route=\/wp\/v2\/product"}],"about":[{"href":"https:\/\/centerwiper.com\/index.php?rest_route=\/wp\/v2\/types\/product"}],"wp:featuredmedia":[{"embeddable":true,"href":"https:\/\/centerwiper.com\/index.php?rest_route=\/wp\/v2\/media\/3948"}],"wp:attachment":[{"href":"https:\/\/centerwiper.com\/index.php?rest_route=%2Fwp%2Fv2%2Fmedia&parent=3947"}],"wp:term":[{"taxonomy":"product_brand","embeddable":true,"href":"https:\/\/centerwiper.com\/index.php?rest_route=%2Fwp%2Fv2%2Fproduct_brand&post=3947"},{"taxonomy":"product_cat","embeddable":true,"href":"https:\/\/centerwiper.com\/index.php?rest_route=%2Fwp%2Fv2%2Fproduct_cat&post=3947"},{"taxonomy":"product_tag","embeddable":true,"href":"https:\/\/centerwiper.com\/index.php?rest_route=%2Fwp%2Fv2%2Fproduct_tag&post=3947"}],"curies":[{"name":"wp","href":"https:\/\/api.w.org\/{rel}","templated":true}]}}