{"id":3856,"date":"2025-08-09T20:05:10","date_gmt":"2025-08-09T20:05:10","guid":{"rendered":"https:\/\/centerwiper.com\/?post_type=product&#038;p=3856"},"modified":"2026-02-19T02:37:41","modified_gmt":"2026-02-19T02:37:41","slug":"3856guante-de-lavado-microfibra1772035000","status":"publish","type":"product","link":"https:\/\/centerwiper.com\/?product=3856guante-de-lavado-microfibra1772035000","title":{"rendered":"3856;;GUANTE DE LAVADO MICROFIBRA;1;7;7;20;35000"},"content":{"rendered":"<p><strong><span dir=\"auto\">El guante de lavado de microfibra SONAX est\u00e1 dise\u00f1ado no solo para maximizar la seguridad de su pintura, sino tambi\u00e9n para minimizar sus frustraciones durante el lavado. Cuenta con una costura separadora entre los dedos y un espacio para el pulgar. Ambas caracter\u00edsticas evitan que se retuerza mientras lava su auto. Adem\u00e1s, su pu\u00f1o el\u00e1stico evita que se resbale de la mano, \u00a1as\u00ed que se mantiene justo donde lo necesita! El guante de lavado de microfibra SONAX est\u00e1 fabricado con microfibra suave que proporciona una limpieza delicada y eficaz. Adem\u00e1s, la suciedad que se retira del auto se retiene en las microfibras, evitando que raye la superficie mientras lav<\/span><\/strong><\/p>\n<p>&nbsp;<\/p>\n","protected":false},"excerpt":{"rendered":"<p>El guante de lavado de microfibra SONAX est\u00e1 dise\u00f1ado no solo para maximizar la seguridad de su pintura, sino tambi\u00e9n para minimizar sus frustraciones durante el lavado. Cuenta con una costura separadora entre los dedos y un espacio para el pulgar. Ambas caracter\u00edsticas evitan que se retuerza mientras lava su auto. Adem\u00e1s, su pu\u00f1o el\u00e1stico [&hellip;]<\/p>\n","protected":false},"featured_media":5062,"template":"","meta":[],"product_brand":[193],"product_cat":[189],"product_tag":[],"class_list":{"0":"post-3856","1":"product","2":"type-product","3":"status-publish","4":"has-post-thumbnail","6":"product_brand-sonax","7":"product_cat-limpieza","9":"first","10":"instock","11":"shipping-taxable","12":"purchasable","13":"product-type-simple"},"_links":{"self":[{"href":"https:\/\/centerwiper.com\/index.php?rest_route=\/wp\/v2\/product\/3856","targetHints":{"allow":["GET"]}}],"collection":[{"href":"https:\/\/centerwiper.com\/index.php?rest_route=\/wp\/v2\/product"}],"about":[{"href":"https:\/\/centerwiper.com\/index.php?rest_route=\/wp\/v2\/types\/product"}],"wp:featuredmedia":[{"embeddable":true,"href":"https:\/\/centerwiper.com\/index.php?rest_route=\/wp\/v2\/media\/5062"}],"wp:attachment":[{"href":"https:\/\/centerwiper.com\/index.php?rest_route=%2Fwp%2Fv2%2Fmedia&parent=3856"}],"wp:term":[{"taxonomy":"product_brand","embeddable":true,"href":"https:\/\/centerwiper.com\/index.php?rest_route=%2Fwp%2Fv2%2Fproduct_brand&post=3856"},{"taxonomy":"product_cat","embeddable":true,"href":"https:\/\/centerwiper.com\/index.php?rest_route=%2Fwp%2Fv2%2Fproduct_cat&post=3856"},{"taxonomy":"product_tag","embeddable":true,"href":"https:\/\/centerwiper.com\/index.php?rest_route=%2Fwp%2Fv2%2Fproduct_tag&post=3856"}],"curies":[{"name":"wp","href":"https:\/\/api.w.org\/{rel}","templated":true}]}}