{"id":3854,"date":"2025-08-09T19:48:29","date_gmt":"2025-08-09T19:48:29","guid":{"rendered":"https:\/\/centerwiper.com\/?post_type=product&#038;p=3854"},"modified":"2026-02-19T02:37:41","modified_gmt":"2026-02-19T02:37:41","slug":"3854cera-liquida-spray-seal1772070000","status":"publish","type":"product","link":"https:\/\/centerwiper.com\/?product=3854cera-liquida-spray-seal1772070000","title":{"rendered":"3854;;CERA LIQUIDA SPRAY + SEAL;1;7;7;20;70000"},"content":{"rendered":"<p>CARACTERISTICAS DEL PRODUCTO:<\/p>\n<p>Xtreme Spray + Seal 750 ml<\/p>\n<p>Cera liquida con aplicacion en pulverizador<\/p>\n<p>Hidrofobica y rapida aplicacion<\/p>\n<p>Con el sellador por pulverizaci\u00f3n SONAX XTREME Spray+Seal se puede proteger permanentemente un veh\u00edculo completo en solo 5 minutos durante el lavado de coches y aplicarle un sellado repelente de la suciedad! Mejora la intensidad del color de las superficies de pintura y aporta un acabado reflectante.<\/p>\n","protected":false},"excerpt":{"rendered":"<p>La protecci\u00f3n m\u00e1s sencilla y r\u00e1pida de la pintura durante el lavado del veh\u00edculo. Renueva los sellados existentes y, por lo tanto, es el producto de cuidado perfecto para los sellados cer\u00e1micos. Aumenta el efecto repelente al agua, el brillo y la suavidad de la superficie. Tambi\u00e9n adecuado para pinturas mates<\/p>\n","protected":false},"featured_media":5060,"template":"","meta":[],"product_brand":[190],"product_cat":[189],"product_tag":[191],"class_list":{"0":"post-3854","1":"product","2":"type-product","3":"status-publish","4":"has-post-thumbnail","6":"product_brand-simoniz","7":"product_cat-limpieza","8":"product_tag-1-litro","10":"first","11":"instock","12":"shipping-taxable","13":"purchasable","14":"product-type-simple"},"_links":{"self":[{"href":"https:\/\/centerwiper.com\/index.php?rest_route=\/wp\/v2\/product\/3854","targetHints":{"allow":["GET"]}}],"collection":[{"href":"https:\/\/centerwiper.com\/index.php?rest_route=\/wp\/v2\/product"}],"about":[{"href":"https:\/\/centerwiper.com\/index.php?rest_route=\/wp\/v2\/types\/product"}],"wp:featuredmedia":[{"embeddable":true,"href":"https:\/\/centerwiper.com\/index.php?rest_route=\/wp\/v2\/media\/5060"}],"wp:attachment":[{"href":"https:\/\/centerwiper.com\/index.php?rest_route=%2Fwp%2Fv2%2Fmedia&parent=3854"}],"wp:term":[{"taxonomy":"product_brand","embeddable":true,"href":"https:\/\/centerwiper.com\/index.php?rest_route=%2Fwp%2Fv2%2Fproduct_brand&post=3854"},{"taxonomy":"product_cat","embeddable":true,"href":"https:\/\/centerwiper.com\/index.php?rest_route=%2Fwp%2Fv2%2Fproduct_cat&post=3854"},{"taxonomy":"product_tag","embeddable":true,"href":"https:\/\/centerwiper.com\/index.php?rest_route=%2Fwp%2Fv2%2Fproduct_tag&post=3854"}],"curies":[{"name":"wp","href":"https:\/\/api.w.org\/{rel}","templated":true}]}}