{"id":3413,"date":"2025-07-26T18:08:03","date_gmt":"2025-07-26T18:08:03","guid":{"rendered":"https:\/\/centerwiper.com\/?post_type=product&#038;p=3413"},"modified":"2026-02-23T15:37:27","modified_gmt":"2026-02-23T15:37:27","slug":"3413plumillas-delanteras-renault-koleos-2012-2016titan-juego-x2-1775090000","status":"publish","type":"product","link":"https:\/\/centerwiper.com\/?product=3413plumillas-delanteras-renault-koleos-2012-2016titan-juego-x2-1775090000","title":{"rendered":"PLUMILLAS DELANTERAS RENAULT KOLEOS 2012-2016 TITAN  ULTIMITED\/JUEGO X2"},"content":{"rendered":"<p><strong>CARACTERISTICAS<\/strong><\/p>\n<ul>\n<li>MEDIDAS DE\u00a0 \u00a024 PILOTO\u00a0 \u00a019 COPILOTO &#8211;\u00a0 PULGADAS<\/li>\n<li>DISE\u00d1O AERODINAMICO<\/li>\n<li>ALMA EN ACERO<\/li>\n<li>MULTI ADAPTADOR<\/li>\n<\/ul>\n","protected":false},"excerpt":{"rendered":"<p>Es\u00a0La plumilla met\u00e1lica m\u00e1s vendida en los EE.UU., Con certificado de\u00a0ensayos de laboratorio que demuestran el cumplimiento internacional de durabilidad.\u00a0Excede en 3 veces m\u00e1s la resistencia bajo norma. Garant\u00eda por 1Mill\u00f3n de Barridos\u00a0Limpios, que es equivalente a 500Mil Ciclos de Barridos Limpios o tambi\u041en equivalente\u00a0a 100Mil Ciclos bajo Condiciones Externas. Con caucho 100% Natural y Protecci\u00f3n\u00a0Grafito. Laminillas en acero inoxidable que garantizan duraci\u00f3n y estabilidad de la\u00a0plumilla. Remaches en aluminio entre juntas y dise\u00f1o aerodin\u00e1mico.<\/p>\n","protected":false},"featured_media":6942,"template":"","meta":[],"product_brand":[100],"product_cat":[93],"product_tag":[142],"class_list":{"0":"post-3413","1":"product","2":"type-product","3":"status-publish","4":"has-post-thumbnail","6":"product_brand-titan-ultimited","7":"product_cat-renault2","8":"product_tag-duster-oroch-2017","10":"first","11":"instock","12":"shipping-taxable","13":"purchasable","14":"product-type-simple"},"_links":{"self":[{"href":"https:\/\/centerwiper.com\/index.php?rest_route=\/wp\/v2\/product\/3413","targetHints":{"allow":["GET"]}}],"collection":[{"href":"https:\/\/centerwiper.com\/index.php?rest_route=\/wp\/v2\/product"}],"about":[{"href":"https:\/\/centerwiper.com\/index.php?rest_route=\/wp\/v2\/types\/product"}],"wp:featuredmedia":[{"embeddable":true,"href":"https:\/\/centerwiper.com\/index.php?rest_route=\/wp\/v2\/media\/6942"}],"wp:attachment":[{"href":"https:\/\/centerwiper.com\/index.php?rest_route=%2Fwp%2Fv2%2Fmedia&parent=3413"}],"wp:term":[{"taxonomy":"product_brand","embeddable":true,"href":"https:\/\/centerwiper.com\/index.php?rest_route=%2Fwp%2Fv2%2Fproduct_brand&post=3413"},{"taxonomy":"product_cat","embeddable":true,"href":"https:\/\/centerwiper.com\/index.php?rest_route=%2Fwp%2Fv2%2Fproduct_cat&post=3413"},{"taxonomy":"product_tag","embeddable":true,"href":"https:\/\/centerwiper.com\/index.php?rest_route=%2Fwp%2Fv2%2Fproduct_tag&post=3413"}],"curies":[{"name":"wp","href":"https:\/\/api.w.org\/{rel}","templated":true}]}}