{"id":3285,"date":"2025-07-23T21:38:20","date_gmt":"2025-07-23T21:38:20","guid":{"rendered":"https:\/\/centerwiper.com\/?post_type=product&#038;p=3285"},"modified":"2026-02-23T20:24:59","modified_gmt":"2026-02-23T20:24:59","slug":"plumillas-delanteras-renault-scenic-1996-2003-titan-juego-x2","status":"publish","type":"product","link":"https:\/\/centerwiper.com\/?product=plumillas-delanteras-renault-scenic-1996-2003-titan-juego-x2","title":{"rendered":"PLUMILLAS DELANTERAS RENAULT SCENIC 1996-2003 TITAN \/JUEGO X2"},"content":{"rendered":"<p><strong>CARACTERISTICAS<\/strong><\/p>\n<p>\u2705MEDIDAS DE   24 PILOTO   16 COPILOTO &#8211;  PULGADA<\/p>\n<p>\u2705DISE\u00d1O AERODINAMICA<\/p>\n<p>\u2705ALMA EN ACERO<\/p>\n<p>\u2705ANCLAJE DE GANCHO<\/p>\n","protected":false},"excerpt":{"rendered":"<p>Ensayada para cumplir la necesidad bajo norma internacional excediendo los 10mil ciclos bajo simulaci\u00f3n en la intemperie. Es la \u00fanica en el mercado que incluye acople especial para la marca RENAULT. Cubre el 90% de veh\u00edculos del parque automotor. Terminados de buena calidad, fabricada con sistema gesti\u00f3n de calidad ISO 9001: 2015, con diversas certificaciones de pruebas de calidad que garantizan su desempe\u00f1o.<\/p>\n","protected":false},"featured_media":6979,"template":"","meta":[],"product_brand":[96],"product_cat":[93],"product_tag":[131],"class_list":{"0":"post-3285","1":"product","2":"type-product","3":"status-publish","4":"has-post-thumbnail","6":"product_brand-https-centerwiper-com-product-marc-titan","7":"product_cat-renault2","8":"product_tag-scenic-1","10":"first","11":"instock","12":"shipping-taxable","13":"purchasable","14":"product-type-simple"},"_links":{"self":[{"href":"https:\/\/centerwiper.com\/index.php?rest_route=\/wp\/v2\/product\/3285","targetHints":{"allow":["GET"]}}],"collection":[{"href":"https:\/\/centerwiper.com\/index.php?rest_route=\/wp\/v2\/product"}],"about":[{"href":"https:\/\/centerwiper.com\/index.php?rest_route=\/wp\/v2\/types\/product"}],"wp:featuredmedia":[{"embeddable":true,"href":"https:\/\/centerwiper.com\/index.php?rest_route=\/wp\/v2\/media\/6979"}],"wp:attachment":[{"href":"https:\/\/centerwiper.com\/index.php?rest_route=%2Fwp%2Fv2%2Fmedia&parent=3285"}],"wp:term":[{"taxonomy":"product_brand","embeddable":true,"href":"https:\/\/centerwiper.com\/index.php?rest_route=%2Fwp%2Fv2%2Fproduct_brand&post=3285"},{"taxonomy":"product_cat","embeddable":true,"href":"https:\/\/centerwiper.com\/index.php?rest_route=%2Fwp%2Fv2%2Fproduct_cat&post=3285"},{"taxonomy":"product_tag","embeddable":true,"href":"https:\/\/centerwiper.com\/index.php?rest_route=%2Fwp%2Fv2%2Fproduct_tag&post=3285"}],"curies":[{"name":"wp","href":"https:\/\/api.w.org\/{rel}","templated":true}]}}