{"id":4544,"date":"2025-08-26T22:27:43","date_gmt":"2025-08-26T22:27:43","guid":{"rendered":"https:\/\/centerwiper.com\/?page_id=4544"},"modified":"2025-08-26T22:27:44","modified_gmt":"2025-08-26T22:27:44","slug":"rastrea-tu-pedido","status":"publish","type":"page","link":"https:\/\/centerwiper.com\/?page_id=4544","title":{"rendered":"RASTREA TU PEDIDO"},"content":{"rendered":"<div class=\"woocommerce\">\n<form action=\"https:\/\/centerwiper.com\/?page_id=4544\" method=\"post\" class=\"woocommerce-form woocommerce-form-track-order track_order\">\n\n\t\n\t<p>Para hacer seguimiento de tu pedido, por favor introduce el ID de tu pedido en el cuadro de abajo y pulsa el bot\u00f3n \u00abSeguir\u00bb. Esto se envi\u00f3 en tu recibo y en el correo electr\u00f3nico de confirmaci\u00f3n que deber\u00edas haber recibido.<\/p>\n\n\t<p class=\"form-row form-row-first\"><label for=\"orderid\">ID de pedido<\/label> <input class=\"input-text\" type=\"text\" name=\"orderid\" id=\"orderid\" value=\"\" placeholder=\"Se encuentra en tu correo electr\u00f3nico de confirmaci\u00f3n de pedido.\" \/><\/p>\t<p class=\"form-row form-row-last\"><label for=\"order_email\">Correo electr\u00f3nico de facturaci\u00f3n<\/label> <input class=\"input-text\" type=\"text\" name=\"order_email\" id=\"order_email\" value=\"\" placeholder=\"El correo electr\u00f3nico que utilizaste durante el pago.\" \/><\/p>\t<div class=\"clear\"><\/div>\n\n\t\n\t<p class=\"form-row\"><button type=\"submit\" class=\"button\" name=\"track\" value=\"Seguir\">Seguir<\/button><\/p>\n\t<input type=\"hidden\" id=\"woocommerce-order-tracking-nonce\" name=\"woocommerce-order-tracking-nonce\" value=\"461b01fd75\" \/><input type=\"hidden\" name=\"_wp_http_referer\" value=\"\/index.php?rest_route=%2Fwp%2Fv2%2Fpages%2F4544\" \/>\n\t\n<\/form>\n<\/div>\n","protected":false},"excerpt":{"rendered":"","protected":false},"author":1,"featured_media":0,"parent":0,"menu_order":0,"comment_status":"closed","ping_status":"closed","template":"","meta":{"footnotes":""},"class_list":["post-4544","page","type-page","status-publish","hentry"],"blocksy_meta":[],"_hostinger_reach_plugin_has_subscription_block":false,"_hostinger_reach_plugin_is_elementor":false,"_links":{"self":[{"href":"https:\/\/centerwiper.com\/index.php?rest_route=\/wp\/v2\/pages\/4544","targetHints":{"allow":["GET"]}}],"collection":[{"href":"https:\/\/centerwiper.com\/index.php?rest_route=\/wp\/v2\/pages"}],"about":[{"href":"https:\/\/centerwiper.com\/index.php?rest_route=\/wp\/v2\/types\/page"}],"author":[{"embeddable":true,"href":"https:\/\/centerwiper.com\/index.php?rest_route=\/wp\/v2\/users\/1"}],"replies":[{"embeddable":true,"href":"https:\/\/centerwiper.com\/index.php?rest_route=%2Fwp%2Fv2%2Fcomments&post=4544"}],"version-history":[{"count":1,"href":"https:\/\/centerwiper.com\/index.php?rest_route=\/wp\/v2\/pages\/4544\/revisions"}],"predecessor-version":[{"id":4546,"href":"https:\/\/centerwiper.com\/index.php?rest_route=\/wp\/v2\/pages\/4544\/revisions\/4546"}],"wp:attachment":[{"href":"https:\/\/centerwiper.com\/index.php?rest_route=%2Fwp%2Fv2%2Fmedia&parent=4544"}],"curies":[{"name":"wp","href":"https:\/\/api.w.org\/{rel}","templated":true}]}}